{"id":190,"date":"2021-06-08T12:23:56","date_gmt":"2021-06-08T10:23:56","guid":{"rendered":"https:\/\/ravimed.com.pl\/?page_id=190"},"modified":"2022-08-02T13:46:20","modified_gmt":"2022-08-02T11:46:20","slug":"home_eng","status":"publish","type":"page","link":"https:\/\/ravimed.com.pl\/en\/","title":{"rendered":"home_eng"},"content":{"rendered":"<p>Zak\u0142ad Produkcji Sprz\u0119tu Medycznego RAVIMED Sp. z o.o. powsta\u0142<br \/>\nw 1991 roku. Oferuje wyroby medyczne jednorazowego u\u017cytku, produkty lecznicze, \u015brodki indywidualnej ochrony przeciwchemicznej i us\u0142ugi laboratoryjne. Produkty lecznicze wytwarzane s\u0105 zgodnie<br \/>\nz zezwoleniem G\u0142\u00f3wnego Inspektora Farmaceutycznego w oparciu<br \/>\no wymagania Dobrej Praktyki Wytwarzania (GMP), za\u015b us\u0142ugi<\/p>\n","protected":false},"excerpt":{"rendered":"<p>Zak\u0142ad Produkcji Sprz\u0119tu Medycznego RAVIMED Sp. z o.o. powsta\u0142 w 1991 roku. Oferuje wyroby medyczne jednorazowego u\u017cytku, produkty lecznicze, \u015brodki indywidualnej ochrony przeciwchemicznej i us\u0142ugi laboratoryjne. Produkty lecznicze wytwarzane s\u0105 zgodnie z zezwoleniem G\u0142\u00f3wnego Inspektora Farmaceutycznego w oparciu o wymagania Dobrej Praktyki Wytwarzania (GMP), za\u015b us\u0142ugi<\/p>\n","protected":false},"author":4,"featured_media":0,"parent":0,"menu_order":0,"comment_status":"closed","ping_status":"closed","template":"","meta":{"inline_featured_image":false,"footnotes":""},"class_list":["post-190","page","type-page","status-publish","hentry"],"yoast_head":"<!-- This site is optimized with the Yoast SEO plugin v25.7 - https:\/\/yoast.com\/wordpress\/plugins\/seo\/ -->\n<title>home_eng - Ravimed<\/title>\n<meta name=\"robots\" content=\"index, follow, max-snippet:-1, max-image-preview:large, max-video-preview:-1\" \/>\n<link rel=\"canonical\" href=\"https:\/\/ravimed.com.pl\/en\/\" \/>\n<meta property=\"og:locale\" content=\"en_US\" \/>\n<meta property=\"og:type\" content=\"article\" \/>\n<meta property=\"og:title\" content=\"home_eng - Ravimed\" \/>\n<meta property=\"og:description\" content=\"Zak\u0142ad Produkcji Sprz\u0119tu Medycznego RAVIMED Sp. z o.o. powsta\u0142 w 1991 roku. Oferuje wyroby medyczne jednorazowego u\u017cytku, produkty lecznicze, \u015brodki indywidualnej ochrony przeciwchemicznej i us\u0142ugi laboratoryjne. Produkty lecznicze wytwarzane s\u0105 zgodnie z zezwoleniem G\u0142\u00f3wnego Inspektora Farmaceutycznego w oparciu o wymagania Dobrej Praktyki Wytwarzania (GMP), za\u015b us\u0142ugi\" \/>\n<meta property=\"og:url\" content=\"https:\/\/ravimed.com.pl\/en\/\" \/>\n<meta property=\"og:site_name\" content=\"Ravimed\" \/>\n<meta property=\"article:modified_time\" content=\"2022-08-02T11:46:20+00:00\" \/>\n<meta name=\"twitter:card\" content=\"summary_large_image\" \/>\n<meta name=\"twitter:label1\" content=\"Est. reading time\" \/>\n\t<meta name=\"twitter:data1\" content=\"1 minute\" \/>\n<script type=\"application\/ld+json\" class=\"yoast-schema-graph\">{\"@context\":\"https:\/\/schema.org\",\"@graph\":[{\"@type\":\"WebPage\",\"@id\":\"https:\/\/ravimed.com.pl\/en\/\",\"url\":\"https:\/\/ravimed.com.pl\/en\/\",\"name\":\"home_eng - Ravimed\",\"isPartOf\":{\"@id\":\"https:\/\/ravimed.com.pl\/#website\"},\"datePublished\":\"2021-06-08T10:23:56+00:00\",\"dateModified\":\"2022-08-02T11:46:20+00:00\",\"inLanguage\":\"en-US\",\"potentialAction\":[{\"@type\":\"ReadAction\",\"target\":[\"https:\/\/ravimed.com.pl\/en\/\"]}]},{\"@type\":\"WebSite\",\"@id\":\"https:\/\/ravimed.com.pl\/#website\",\"url\":\"https:\/\/ravimed.com.pl\/\",\"name\":\"Ravimed\",\"description\":\"Ravimed\",\"potentialAction\":[{\"@type\":\"SearchAction\",\"target\":{\"@type\":\"EntryPoint\",\"urlTemplate\":\"https:\/\/ravimed.com.pl\/?s={search_term_string}\"},\"query-input\":{\"@type\":\"PropertyValueSpecification\",\"valueRequired\":true,\"valueName\":\"search_term_string\"}}],\"inLanguage\":\"en-US\"}]}<\/script>\n<!-- \/ Yoast SEO plugin. -->","yoast_head_json":{"title":"home_eng - Ravimed","robots":{"index":"index","follow":"follow","max-snippet":"max-snippet:-1","max-image-preview":"max-image-preview:large","max-video-preview":"max-video-preview:-1"},"canonical":"https:\/\/ravimed.com.pl\/en\/","og_locale":"en_US","og_type":"article","og_title":"home_eng - Ravimed","og_description":"Zak\u0142ad Produkcji Sprz\u0119tu Medycznego RAVIMED Sp. z o.o. powsta\u0142 w 1991 roku. Oferuje wyroby medyczne jednorazowego u\u017cytku, produkty lecznicze, \u015brodki indywidualnej ochrony przeciwchemicznej i us\u0142ugi laboratoryjne. Produkty lecznicze wytwarzane s\u0105 zgodnie z zezwoleniem G\u0142\u00f3wnego Inspektora Farmaceutycznego w oparciu o wymagania Dobrej Praktyki Wytwarzania (GMP), za\u015b us\u0142ugi","og_url":"https:\/\/ravimed.com.pl\/en\/","og_site_name":"Ravimed","article_modified_time":"2022-08-02T11:46:20+00:00","twitter_card":"summary_large_image","twitter_misc":{"Est. reading time":"1 minute"},"schema":{"@context":"https:\/\/schema.org","@graph":[{"@type":"WebPage","@id":"https:\/\/ravimed.com.pl\/en\/","url":"https:\/\/ravimed.com.pl\/en\/","name":"home_eng - Ravimed","isPartOf":{"@id":"https:\/\/ravimed.com.pl\/#website"},"datePublished":"2021-06-08T10:23:56+00:00","dateModified":"2022-08-02T11:46:20+00:00","inLanguage":"en-US","potentialAction":[{"@type":"ReadAction","target":["https:\/\/ravimed.com.pl\/en\/"]}]},{"@type":"WebSite","@id":"https:\/\/ravimed.com.pl\/#website","url":"https:\/\/ravimed.com.pl\/","name":"Ravimed","description":"Ravimed","potentialAction":[{"@type":"SearchAction","target":{"@type":"EntryPoint","urlTemplate":"https:\/\/ravimed.com.pl\/?s={search_term_string}"},"query-input":{"@type":"PropertyValueSpecification","valueRequired":true,"valueName":"search_term_string"}}],"inLanguage":"en-US"}]}},"_links":{"self":[{"href":"https:\/\/ravimed.com.pl\/en\/wp-json\/wp\/v2\/pages\/190","targetHints":{"allow":["GET"]}}],"collection":[{"href":"https:\/\/ravimed.com.pl\/en\/wp-json\/wp\/v2\/pages"}],"about":[{"href":"https:\/\/ravimed.com.pl\/en\/wp-json\/wp\/v2\/types\/page"}],"author":[{"embeddable":true,"href":"https:\/\/ravimed.com.pl\/en\/wp-json\/wp\/v2\/users\/4"}],"replies":[{"embeddable":true,"href":"https:\/\/ravimed.com.pl\/en\/wp-json\/wp\/v2\/comments?post=190"}],"version-history":[{"count":4,"href":"https:\/\/ravimed.com.pl\/en\/wp-json\/wp\/v2\/pages\/190\/revisions"}],"predecessor-version":[{"id":407,"href":"https:\/\/ravimed.com.pl\/en\/wp-json\/wp\/v2\/pages\/190\/revisions\/407"}],"wp:attachment":[{"href":"https:\/\/ravimed.com.pl\/en\/wp-json\/wp\/v2\/media?parent=190"}],"curies":[{"name":"wp","href":"https:\/\/api.w.org\/{rel}","templated":true}]}}